{"id":134,"date":"2023-06-26T14:44:54","date_gmt":"2023-06-26T12:44:54","guid":{"rendered":"https:\/\/laxel.com\/?page_id=134"},"modified":"2023-06-26T14:44:56","modified_gmt":"2023-06-26T12:44:56","slug":"conseil","status":"publish","type":"page","link":"https:\/\/laxel.com\/index.php\/conseil\/","title":{"rendered":"Conseil"},"content":{"rendered":"\n<p><\/p>\n\n\n\n<p>Notre \u00e9quipe de consultants en strat\u00e9gie commerciale et d\u00e9veloppement des ventes est l\u00e0 pour vous accompagner dans l&rsquo;optimisation de votre force de vente. Apr\u00e8s avoir pris connaissance de votre secteur d&rsquo;activit\u00e9 et de votre entreprise, nous vous fournirons des recommandations strat\u00e9giques adapt\u00e9es \u00e0 vos objectifs \u00e0 court et \u00e0 long terme. Si vous le souhaitez, nous travaillerons de concert pour \u00e9laborer un plan d&rsquo;action en d\u00e9veloppement commercial, int\u00e9grant des conseils en marketing op\u00e9rationnel. Notre expertise et notre exp\u00e9rience vous aideront \u00e0 atteindre vos objectifs commerciaux de mani\u00e8re efficace et durable.<\/p>\n\n\n\n<p>\u2022Conseil strat\u00e9gie commerciale<\/p>\n\n\n\n<p>\u2022Conseil d\u00e9veloppement commercial<\/p>\n\n\n\n<p>\u2022Conseil marketing op\u00e9rationnel<\/p>\n\n\n\n<p>Lorsque vous faites appel \u00e0 notre \u00e9quipe de consultants en strat\u00e9gie commerciale et d\u00e9veloppement des ventes, vous b\u00e9n\u00e9ficiez d&rsquo;un partenaire d\u00e9di\u00e9 qui vous guide tout au long de l&rsquo;organisation de votre force de vente.<\/p>\n\n\n\n<p>Dans un premier temps, nous prenons le temps de bien comprendre votre secteur d&rsquo;activit\u00e9 et les sp\u00e9cificit\u00e9s de votre entreprise. Nous analysons vos produits ou services, votre positionnement sur le march\u00e9, vos concurrents, ainsi que vos forces et vos faiblesses internes. Cette phase d&rsquo;analyse approfondie nous permet de saisir tous les enjeux et les opportunit\u00e9s qui se pr\u00e9sentent \u00e0 vous.<\/p>\n\n\n\n<p>Fort de cette connaissance approfondie, nous agissons en tant que consultants en strat\u00e9gie et d\u00e9veloppement commercial pour vous recommander la meilleure approche afin d&rsquo;atteindre vos objectifs \u00e0 court et \u00e0 long terme. Que vous cherchiez \u00e0 augmenter votre chiffre d&rsquo;affaires, \u00e0 conqu\u00e9rir de nouveaux march\u00e9s, \u00e0 optimiser votre gestion des ventes ou \u00e0 am\u00e9liorer votre rentabilit\u00e9, nous mettons en place une strat\u00e9gie sur mesure.<\/p>\n\n\n\n<p>En collaboration avec vous, nous \u00e9laborons un plan d&rsquo;action en d\u00e9veloppement commercial, en tenant compte de vos ressources, de votre budget et de vos contraintes sp\u00e9cifiques. Ce plan d&rsquo;action inclut des conseils en marketing op\u00e9rationnel pour maximiser l&rsquo;impact de vos efforts commerciaux. Nous vous accompagnons \u00e9galement dans la mise en \u0153uvre de ce plan, en vous fournissant un suivi r\u00e9gulier et des ajustements si n\u00e9cessaire.<\/p>\n\n\n\n<p>Notre exp\u00e9rience dans le domaine de la strat\u00e9gie commerciale et du d\u00e9veloppement des ventes nous permet de vous apporter des solutions concr\u00e8tes et \u00e9prouv\u00e9es. Nous mettons \u00e0 profit nos connaissances approfondies du march\u00e9, nos comp\u00e9tences en analyse et nos outils strat\u00e9giques pour vous aider \u00e0 prendre des d\u00e9cisions \u00e9clair\u00e9es et \u00e0 atteindre vos objectifs de croissance.<\/p>\n\n\n\n<p>En travaillant avec notre \u00e9quipe de consultants, vous b\u00e9n\u00e9ficiez d&rsquo;un soutien personnalis\u00e9 et d&rsquo;une expertise solide pour am\u00e9liorer vos performances commerciales. Nous sommes l\u00e0 pour vous accompagner tout au long du processus et pour vous aider \u00e0 faire face aux d\u00e9fis du march\u00e9 de mani\u00e8re efficace et rentable.<\/p>\n","protected":false},"excerpt":{"rendered":"<p>Notre \u00e9quipe de consultants en strat\u00e9gie commerciale et d\u00e9veloppement des ventes est l\u00e0 pour vous accompagner dans l&rsquo;optimisation de votre force de vente. Apr\u00e8s avoir pris connaissance de votre secteur d&rsquo;activit\u00e9 et de votre entreprise, nous vous fournirons des recommandations strat\u00e9giques adapt\u00e9es \u00e0 vos objectifs \u00e0 court et \u00e0 long terme. Si vous le souhaitez, [&hellip;]<\/p>\n","protected":false},"author":1,"featured_media":0,"parent":0,"menu_order":0,"comment_status":"closed","ping_status":"closed","template":"","meta":{"content-type":"","om_disable_all_campaigns":false,"_monsterinsights_skip_tracking":false,"_monsterinsights_sitenote_active":false,"_monsterinsights_sitenote_note":"","_monsterinsights_sitenote_category":0,"footnotes":""},"class_list":["post-134","page","type-page","status-publish","hentry"],"aioseo_notices":[],"_links":{"self":[{"href":"https:\/\/laxel.com\/index.php\/wp-json\/wp\/v2\/pages\/134","targetHints":{"allow":["GET"]}}],"collection":[{"href":"https:\/\/laxel.com\/index.php\/wp-json\/wp\/v2\/pages"}],"about":[{"href":"https:\/\/laxel.com\/index.php\/wp-json\/wp\/v2\/types\/page"}],"author":[{"embeddable":true,"href":"https:\/\/laxel.com\/index.php\/wp-json\/wp\/v2\/users\/1"}],"replies":[{"embeddable":true,"href":"https:\/\/laxel.com\/index.php\/wp-json\/wp\/v2\/comments?post=134"}],"version-history":[{"count":1,"href":"https:\/\/laxel.com\/index.php\/wp-json\/wp\/v2\/pages\/134\/revisions"}],"predecessor-version":[{"id":136,"href":"https:\/\/laxel.com\/index.php\/wp-json\/wp\/v2\/pages\/134\/revisions\/136"}],"wp:attachment":[{"href":"https:\/\/laxel.com\/index.php\/wp-json\/wp\/v2\/media?parent=134"}],"curies":[{"name":"wp","href":"https:\/\/api.w.org\/{rel}","templated":true}]}}